{"id":4094,"date":"2014-05-15T23:50:31","date_gmt":"2014-05-15T20:50:31","guid":{"rendered":"http:\/\/www.ced.org.tr\/?page_id=4094"},"modified":"2019-02-08T17:50:57","modified_gmt":"2019-02-08T14:50:57","slug":"iletisim","status":"publish","type":"page","link":"http:\/\/www.ced.org.tr\/?page_id=4094","title":{"rendered":"\u0130leti\u015fim"},"content":{"rendered":"<p><strong>\u00c7a\u011fda\u015f Eczac\u0131lar Derne\u011fi \u0130stanbul \u015eubesi<\/strong><\/p>\n<p>Adres: Ergenekon Cad. P\u0131nar Apt. No:31 (Eski No:65) Kat:6 D.15, Pangalt\u0131 \/ \u0130stanbul T\u00fcrkiye<\/p>\n<p>e-posta:\u00a0iletisim@ced.org.tr<\/p>\n<p><strong>\u0130LET\u0130\u015e\u0130M FORMU\u00a0<\/strong><\/p>\n<p>[contact-form-7 id=&#8221;4141&#8243; title=&#8221;\u0130leti\u015fim formu 1&#8243;]<\/p>\n","protected":false},"excerpt":{"rendered":"<p>\u00c7a\u011fda\u015f Eczac\u0131lar Derne\u011fi \u0130stanbul \u015eubesi Adres: Ergenekon Cad. P\u0131nar Apt. No:31 (Eski No:65) Kat:6 D.15, Pangalt\u0131 \/ \u0130stanbul T\u00fcrkiye e-posta:\u00a0iletisim@ced.org.tr&#46;&#46;&#46;<\/p>\n","protected":false},"author":1,"featured_media":0,"parent":0,"menu_order":3,"comment_status":"closed","ping_status":"closed","template":"","meta":{"footnotes":""},"class_list":["post-4094","page","type-page","status-publish","hentry"],"aioseo_notices":[],"jetpack_sharing_enabled":true,"jetpack-related-posts":[],"_links":{"self":[{"href":"http:\/\/www.ced.org.tr\/index.php?rest_route=\/wp\/v2\/pages\/4094","targetHints":{"allow":["GET"]}}],"collection":[{"href":"http:\/\/www.ced.org.tr\/index.php?rest_route=\/wp\/v2\/pages"}],"about":[{"href":"http:\/\/www.ced.org.tr\/index.php?rest_route=\/wp\/v2\/types\/page"}],"author":[{"embeddable":true,"href":"http:\/\/www.ced.org.tr\/index.php?rest_route=\/wp\/v2\/users\/1"}],"replies":[{"embeddable":true,"href":"http:\/\/www.ced.org.tr\/index.php?rest_route=%2Fwp%2Fv2%2Fcomments&post=4094"}],"version-history":[{"count":11,"href":"http:\/\/www.ced.org.tr\/index.php?rest_route=\/wp\/v2\/pages\/4094\/revisions"}],"predecessor-version":[{"id":6499,"href":"http:\/\/www.ced.org.tr\/index.php?rest_route=\/wp\/v2\/pages\/4094\/revisions\/6499"}],"wp:attachment":[{"href":"http:\/\/www.ced.org.tr\/index.php?rest_route=%2Fwp%2Fv2%2Fmedia&parent=4094"}],"curies":[{"name":"wp","href":"https:\/\/api.w.org\/{rel}","templated":true}]}}